{"id":413,"date":"2023-11-08T22:36:20","date_gmt":"2023-11-08T21:36:20","guid":{"rendered":"https:\/\/sogecleau.eagl.be\/gaines-tpc\/"},"modified":"2023-11-17T15:39:35","modified_gmt":"2023-11-17T14:39:35","slug":"gaines-tpc","status":"publish","type":"page","link":"https:\/\/sogecleau.com\/fr\/gaines-tpc\/","title":{"rendered":"Gaines TPC"},"content":{"rendered":"\t\t<div data-elementor-type=\"wp-page\" data-elementor-id=\"413\" class=\"elementor elementor-413 elementor-300\" data-elementor-post-type=\"page\">\n\t\t\t\t\t\t<section class=\"elementor-section elementor-top-section elementor-element elementor-element-245d93bc elementor-section-boxed elementor-section-height-default elementor-section-height-default elementor-invisible\" data-id=\"245d93bc\" data-element_type=\"section\" data-e-type=\"section\" data-settings=\"{&quot;background_background&quot;:&quot;classic&quot;,&quot;animation&quot;:&quot;fadeIn&quot;}\">\n\t\t\t\t\t\t\t<div class=\"elementor-background-overlay\"><\/div>\n\t\t\t\t\t\t\t<div class=\"elementor-container elementor-column-gap-default\">\n\t\t\t\t\t<div class=\"elementor-column elementor-col-100 elementor-top-column elementor-element elementor-element-5092107b\" data-id=\"5092107b\" data-element_type=\"column\" data-e-type=\"column\">\n\t\t\t<div class=\"elementor-widget-wrap elementor-element-populated\">\n\t\t\t\t\t\t<div class=\"elementor-element elementor-element-253beb0c de_scroll_animation_no elementor-widget elementor-widget-heading\" data-id=\"253beb0c\" data-element_type=\"widget\" data-e-type=\"widget\" data-widget_type=\"heading.default\">\n\t\t\t\t<div class=\"elementor-widget-container\">\n\t\t\t\t\t<h1 class=\"elementor-heading-title elementor-size-default\">Gaines TPC<\/h1>\t\t\t\t<\/div>\n\t\t\t\t<\/div>\n\t\t\t\t<div class=\"elementor-element elementor-element-07c6106 elementor-icon-list--layout-inline elementor-align-start elementor-list-item-link-full_width de_scroll_animation_no elementor-widget elementor-widget-icon-list\" data-id=\"07c6106\" data-element_type=\"widget\" data-e-type=\"widget\" data-widget_type=\"icon-list.default\">\n\t\t\t\t<div class=\"elementor-widget-container\">\n\t\t\t\t\t\t\t<ul class=\"elementor-icon-list-items elementor-inline-items\">\n\t\t\t\t\t\t\t<li class=\"elementor-icon-list-item elementor-inline-item\">\n\t\t\t\t\t\t\t\t\t\t\t<a href=\"\/\">\n\n\t\t\t\t\t\t\t\t\t\t\t<span class=\"elementor-icon-list-text\">Home<\/span>\n\t\t\t\t\t\t\t\t\t\t\t<\/a>\n\t\t\t\t\t\t\t\t\t<\/li>\n\t\t\t\t\t\t\t\t<li class=\"elementor-icon-list-item elementor-inline-item\">\n\t\t\t\t\t\t\t\t\t\t\t<span class=\"elementor-icon-list-icon\">\n\t\t\t\t\t\t\t<i aria-hidden=\"true\" class=\"icon icon-right-arrow1\"><\/i>\t\t\t\t\t\t<\/span>\n\t\t\t\t\t\t\t\t\t\t<span class=\"elementor-icon-list-text\">Gaines TPC<\/span>\n\t\t\t\t\t\t\t\t\t<\/li>\n\t\t\t\t\t\t<\/ul>\n\t\t\t\t\t\t<\/div>\n\t\t\t\t<\/div>\n\t\t\t\t\t<\/div>\n\t\t<\/div>\n\t\t\t\t\t<\/div>\n\t\t<\/section>\n\t\t\t\t<section class=\"elementor-section elementor-top-section elementor-element elementor-element-2ae323b4 elementor-reverse-mobile elementor-section-boxed elementor-section-height-default elementor-section-height-default\" data-id=\"2ae323b4\" data-element_type=\"section\" data-e-type=\"section\">\n\t\t\t\t\t\t<div class=\"elementor-container elementor-column-gap-default\">\n\t\t\t\t\t<div class=\"elementor-column elementor-col-50 elementor-top-column elementor-element elementor-element-6c52ca0b\" data-id=\"6c52ca0b\" data-element_type=\"column\" data-e-type=\"column\">\n\t\t\t<div class=\"elementor-widget-wrap elementor-element-populated\">\n\t\t\t\t\t\t<div class=\"elementor-element elementor-element-c0941f de_scroll_animation_no elementor-widget elementor-widget-text-editor\" data-id=\"c0941f\" data-element_type=\"widget\" data-e-type=\"widget\" data-widget_type=\"text-editor.default\">\n\t\t\t\t<div class=\"elementor-widget-container\">\n\t\t\t\t\t\t\t\t\t<p>Nous proposons des gaines TPC avec fil de nylon et dans toutes les dimensions allant de 40 mm \u00e0 200 mm.<\/p>\n<p>Les gaines disponibles sont rouge, bleu, jaune ou vert. La longueur des rouleaux est de 25 ou 50 m\u00e8tres. Les gaines TPC disposent d\u2019une double paroi. <\/p>\n\t\t\t\t\t\t\t\t<\/div>\n\t\t\t\t<\/div>\n\t\t\t\t\t<\/div>\n\t\t<\/div>\n\t\t\t\t<div class=\"elementor-column elementor-col-50 elementor-top-column elementor-element elementor-element-21f2ee31\" data-id=\"21f2ee31\" data-element_type=\"column\" data-e-type=\"column\">\n\t\t\t<div class=\"elementor-widget-wrap elementor-element-populated\">\n\t\t\t\t\t\t<div class=\"elementor-element elementor-element-038b652 de_scroll_animation_no elementor-invisible elementor-widget elementor-widget-image\" data-id=\"038b652\" data-element_type=\"widget\" data-e-type=\"widget\" data-settings=\"{&quot;_animation&quot;:&quot;fadeInUp&quot;}\" data-widget_type=\"image.default\">\n\t\t\t\t<div class=\"elementor-widget-container\">\n\t\t\t\t\t\t\t\t\t\t\t\t\t\t\t<img fetchpriority=\"high\" decoding=\"async\" width=\"480\" height=\"480\" src=\"https:\/\/sogecleau.com\/wp-content\/uploads\/2023\/11\/kabelberscherminsbuis2.jpeg\" class=\"attachment-full size-full wp-image-382\" alt=\"\" srcset=\"https:\/\/sogecleau.com\/wp-content\/uploads\/2023\/11\/kabelberscherminsbuis2.jpeg 480w, https:\/\/sogecleau.com\/wp-content\/uploads\/2023\/11\/kabelberscherminsbuis2-300x300.jpeg 300w, https:\/\/sogecleau.com\/wp-content\/uploads\/2023\/11\/kabelberscherminsbuis2-150x150.jpeg 150w\" sizes=\"(max-width: 480px) 100vw, 480px\" \/>\t\t\t\t\t\t\t\t\t\t\t\t\t\t\t<\/div>\n\t\t\t\t<\/div>\n\t\t\t\t\t<\/div>\n\t\t<\/div>\n\t\t\t\t\t<\/div>\n\t\t<\/section>\n\t\t\t\t<section class=\"elementor-section elementor-top-section elementor-element elementor-element-d1ced7f elementor-section-full_width elementor-section-height-default elementor-section-height-default\" data-id=\"d1ced7f\" data-element_type=\"section\" data-e-type=\"section\">\n\t\t\t\t\t\t<div class=\"elementor-container elementor-column-gap-default\">\n\t\t\t\t\t<div class=\"elementor-column elementor-col-100 elementor-top-column elementor-element elementor-element-7b61ea5\" data-id=\"7b61ea5\" data-element_type=\"column\" data-e-type=\"column\">\n\t\t\t<div class=\"elementor-widget-wrap elementor-element-populated\">\n\t\t\t\t\t\t<div class=\"elementor-element elementor-element-4484c44 de_scroll_animation_no elementor-widget elementor-widget-template\" data-id=\"4484c44\" data-element_type=\"widget\" data-e-type=\"widget\" data-widget_type=\"template.default\">\n\t\t\t\t<div class=\"elementor-widget-container\">\n\t\t\t\t\t\t\t<div class=\"elementor-template\">\n\t\t\t\t\t<div data-elementor-type=\"section\" data-elementor-id=\"617\" class=\"elementor elementor-617 elementor-284\" data-elementor-post-type=\"elementor_library\">\n\t\t\t\t\t<section class=\"elementor-section elementor-top-section elementor-element elementor-element-4598e91a elementor-reverse-mobile elementor-section-content-bottom elementor-section-boxed elementor-section-height-default elementor-section-height-default elementor-invisible\" data-id=\"4598e91a\" data-element_type=\"section\" data-e-type=\"section\" data-settings=\"{&quot;background_background&quot;:&quot;classic&quot;,&quot;animation&quot;:&quot;fadeIn&quot;}\">\n\t\t\t\t\t\t\t<div class=\"elementor-background-overlay\"><\/div>\n\t\t\t\t\t\t\t<div class=\"elementor-container elementor-column-gap-default\">\n\t\t\t\t\t<div class=\"elementor-column elementor-col-100 elementor-top-column elementor-element elementor-element-57ca22e8\" data-id=\"57ca22e8\" data-element_type=\"column\" data-e-type=\"column\" data-settings=\"{&quot;background_background&quot;:&quot;classic&quot;}\">\n\t\t\t<div class=\"elementor-widget-wrap elementor-element-populated\">\n\t\t\t\t\t\t<div class=\"elementor-element elementor-element-15f2d9a1 elementor-widget-tablet__width-inherit de_scroll_animation_no elementor-widget elementor-widget-heading\" data-id=\"15f2d9a1\" data-element_type=\"widget\" data-e-type=\"widget\" data-widget_type=\"heading.default\">\n\t\t\t\t<div class=\"elementor-widget-container\">\n\t\t\t\t\t<h2 class=\"elementor-heading-title elementor-size-default\">N'h\u00e9sitez pas \u00e0 nous contacter !<\/h2>\t\t\t\t<\/div>\n\t\t\t\t<\/div>\n\t\t\t\t<div class=\"elementor-element elementor-element-6eab0697 de_scroll_animation_no elementor-widget elementor-widget-text-editor\" data-id=\"6eab0697\" data-element_type=\"widget\" data-e-type=\"widget\" data-widget_type=\"text-editor.default\">\n\t\t\t\t<div class=\"elementor-widget-container\">\n\t\t\t\t\t\t\t\t\t<p>Vous avez des questions ou une mission sp\u00e9cifique en t\u00eate ? Nous sommes pr\u00eats \u00e0 vous aider !<br \/>Contactez-nous en utilisant le formulaire sur cette page ou appelez-nous.<\/p>\n<p>Nous nous effor\u00e7ons de vous r\u00e9pondre dans les plus brefs d\u00e9lais et nous nous r\u00e9jouissons de travailler avec vous.<\/p>\n\t\t\t\t\t\t\t\t<\/div>\n\t\t\t\t<\/div>\n\t\t\t\t<div class=\"elementor-element elementor-element-33989588 elementor-widget-mobile__width-inherit de_scroll_animation_no elementor-widget elementor-widget-button\" data-id=\"33989588\" data-element_type=\"widget\" data-e-type=\"widget\" data-widget_type=\"button.default\">\n\t\t\t\t<div class=\"elementor-widget-container\">\n\t\t\t\t\t\t\t\t\t<div class=\"elementor-button-wrapper\">\n\t\t\t\t\t<a class=\"elementor-button elementor-button-link elementor-size-sm\" href=\"\/fr#contact\">\n\t\t\t\t\t\t<span class=\"elementor-button-content-wrapper\">\n\t\t\t\t\t\t<span class=\"elementor-button-icon\">\n\t\t\t\t<i aria-hidden=\"true\" class=\"icon icon-right-arrow\"><\/i>\t\t\t<\/span>\n\t\t\t\t\t\t\t\t\t<span class=\"elementor-button-text\">Plus d'info<\/span>\n\t\t\t\t\t<\/span>\n\t\t\t\t\t<\/a>\n\t\t\t\t<\/div>\n\t\t\t\t\t\t\t\t<\/div>\n\t\t\t\t<\/div>\n\t\t\t\t\t<\/div>\n\t\t<\/div>\n\t\t\t\t\t<\/div>\n\t\t<\/section>\n\t\t\t\t<\/div>\n\t\t\t\t<\/div>\n\t\t\t\t\t\t<\/div>\n\t\t\t\t<\/div>\n\t\t\t\t\t<\/div>\n\t\t<\/div>\n\t\t\t\t\t<\/div>\n\t\t<\/section>\n\t\t\t\t<\/div>\n\t\t","protected":false},"excerpt":{"rendered":"<p>Home Nous proposons des gaines TPC avec fil de nylon et dans toutes les dimensions allant de 40 mm \u00e0 200 mm. Les gaines disponibles sont rouge, bleu, jaune ou vert. La longueur des rouleaux est de 25 ou 50 m\u00e8tres. Les gaines TPC disposent d\u2019une double paroi.<\/p>\n","protected":false},"author":1,"featured_media":0,"parent":0,"menu_order":0,"comment_status":"closed","ping_status":"closed","template":"","meta":{"footnotes":""},"class_list":["post-413","page","type-page","status-publish","hentry"],"yoast_head":"<!-- This site is optimized with the Yoast SEO plugin v27.4 - https:\/\/yoast.com\/product\/yoast-seo-wordpress\/ -->\n<title>Gaines TPC - Sogecleau<\/title>\n<meta name=\"robots\" content=\"index, follow, max-snippet:-1, max-image-preview:large, max-video-preview:-1\" \/>\n<link rel=\"canonical\" href=\"https:\/\/sogecleau.com\/fr\/gaines-tpc\/\" \/>\n<meta property=\"og:locale\" content=\"fr_FR\" \/>\n<meta property=\"og:type\" content=\"article\" \/>\n<meta property=\"og:title\" content=\"Gaines TPC - Sogecleau\" \/>\n<meta property=\"og:description\" content=\"Home Nous proposons des gaines TPC avec fil de nylon et dans toutes les dimensions allant de 40 mm \u00e0 200 mm. Les gaines disponibles sont rouge, bleu, jaune ou vert. La longueur des rouleaux est de 25 ou 50 m\u00e8tres. Les gaines TPC disposent d\u2019une double paroi.\" \/>\n<meta property=\"og:url\" content=\"https:\/\/sogecleau.com\/fr\/gaines-tpc\/\" \/>\n<meta property=\"og:site_name\" content=\"Sogecleau\" \/>\n<meta property=\"article:modified_time\" content=\"2023-11-17T14:39:35+00:00\" \/>\n<meta property=\"og:image\" content=\"https:\/\/sogecleau.com\/wp-content\/uploads\/2023\/11\/kabelberscherminsbuis2.jpeg\" \/>\n<meta name=\"twitter:card\" content=\"summary_large_image\" \/>\n<script type=\"application\/ld+json\" class=\"yoast-schema-graph\">{\"@context\":\"https:\\\/\\\/schema.org\",\"@graph\":[{\"@type\":\"WebPage\",\"@id\":\"https:\\\/\\\/sogecleau.com\\\/fr\\\/gaines-tpc\\\/\",\"url\":\"https:\\\/\\\/sogecleau.com\\\/fr\\\/gaines-tpc\\\/\",\"name\":\"Gaines TPC - Sogecleau\",\"isPartOf\":{\"@id\":\"https:\\\/\\\/sogecleau.com\\\/fr\\\/#website\"},\"primaryImageOfPage\":{\"@id\":\"https:\\\/\\\/sogecleau.com\\\/fr\\\/gaines-tpc\\\/#primaryimage\"},\"image\":{\"@id\":\"https:\\\/\\\/sogecleau.com\\\/fr\\\/gaines-tpc\\\/#primaryimage\"},\"thumbnailUrl\":\"https:\\\/\\\/sogecleau.com\\\/wp-content\\\/uploads\\\/2023\\\/11\\\/kabelberscherminsbuis2.jpeg\",\"datePublished\":\"2023-11-08T21:36:20+00:00\",\"dateModified\":\"2023-11-17T14:39:35+00:00\",\"breadcrumb\":{\"@id\":\"https:\\\/\\\/sogecleau.com\\\/fr\\\/gaines-tpc\\\/#breadcrumb\"},\"inLanguage\":\"fr-FR\",\"potentialAction\":[{\"@type\":\"ReadAction\",\"target\":[\"https:\\\/\\\/sogecleau.com\\\/fr\\\/gaines-tpc\\\/\"]}]},{\"@type\":\"ImageObject\",\"inLanguage\":\"fr-FR\",\"@id\":\"https:\\\/\\\/sogecleau.com\\\/fr\\\/gaines-tpc\\\/#primaryimage\",\"url\":\"https:\\\/\\\/sogecleau.com\\\/wp-content\\\/uploads\\\/2023\\\/11\\\/kabelberscherminsbuis2.jpeg\",\"contentUrl\":\"https:\\\/\\\/sogecleau.com\\\/wp-content\\\/uploads\\\/2023\\\/11\\\/kabelberscherminsbuis2.jpeg\"},{\"@type\":\"BreadcrumbList\",\"@id\":\"https:\\\/\\\/sogecleau.com\\\/fr\\\/gaines-tpc\\\/#breadcrumb\",\"itemListElement\":[{\"@type\":\"ListItem\",\"position\":1,\"name\":\"Home\",\"item\":\"https:\\\/\\\/sogecleau.com\\\/fr\\\/\"},{\"@type\":\"ListItem\",\"position\":2,\"name\":\"Gaines TPC\"}]},{\"@type\":\"WebSite\",\"@id\":\"https:\\\/\\\/sogecleau.com\\\/fr\\\/#website\",\"url\":\"https:\\\/\\\/sogecleau.com\\\/fr\\\/\",\"name\":\"Sogecleau\",\"description\":\"\",\"publisher\":{\"@id\":\"https:\\\/\\\/sogecleau.com\\\/fr\\\/#organization\"},\"potentialAction\":[{\"@type\":\"SearchAction\",\"target\":{\"@type\":\"EntryPoint\",\"urlTemplate\":\"https:\\\/\\\/sogecleau.com\\\/fr\\\/?s={search_term_string}\"},\"query-input\":{\"@type\":\"PropertyValueSpecification\",\"valueRequired\":true,\"valueName\":\"search_term_string\"}}],\"inLanguage\":\"fr-FR\"},{\"@type\":\"Organization\",\"@id\":\"https:\\\/\\\/sogecleau.com\\\/fr\\\/#organization\",\"name\":\"Sogecleau\",\"url\":\"https:\\\/\\\/sogecleau.com\\\/fr\\\/\",\"logo\":{\"@type\":\"ImageObject\",\"inLanguage\":\"fr-FR\",\"@id\":\"https:\\\/\\\/sogecleau.com\\\/fr\\\/#\\\/schema\\\/logo\\\/image\\\/\",\"url\":\"https:\\\/\\\/sogecleau.com\\\/wp-content\\\/uploads\\\/2023\\\/09\\\/Logo-Sogecleau.png\",\"contentUrl\":\"https:\\\/\\\/sogecleau.com\\\/wp-content\\\/uploads\\\/2023\\\/09\\\/Logo-Sogecleau.png\",\"width\":673,\"height\":191,\"caption\":\"Sogecleau\"},\"image\":{\"@id\":\"https:\\\/\\\/sogecleau.com\\\/fr\\\/#\\\/schema\\\/logo\\\/image\\\/\"}}]}<\/script>\n<!-- \/ Yoast SEO plugin. -->","yoast_head_json":{"title":"Gaines TPC - Sogecleau","robots":{"index":"index","follow":"follow","max-snippet":"max-snippet:-1","max-image-preview":"max-image-preview:large","max-video-preview":"max-video-preview:-1"},"canonical":"https:\/\/sogecleau.com\/fr\/gaines-tpc\/","og_locale":"fr_FR","og_type":"article","og_title":"Gaines TPC - Sogecleau","og_description":"Home Nous proposons des gaines TPC avec fil de nylon et dans toutes les dimensions allant de 40 mm \u00e0 200 mm. Les gaines disponibles sont rouge, bleu, jaune ou vert. La longueur des rouleaux est de 25 ou 50 m\u00e8tres. Les gaines TPC disposent d\u2019une double paroi.","og_url":"https:\/\/sogecleau.com\/fr\/gaines-tpc\/","og_site_name":"Sogecleau","article_modified_time":"2023-11-17T14:39:35+00:00","og_image":[{"url":"https:\/\/sogecleau.com\/wp-content\/uploads\/2023\/11\/kabelberscherminsbuis2.jpeg","type":"","width":"","height":""}],"twitter_card":"summary_large_image","schema":{"@context":"https:\/\/schema.org","@graph":[{"@type":"WebPage","@id":"https:\/\/sogecleau.com\/fr\/gaines-tpc\/","url":"https:\/\/sogecleau.com\/fr\/gaines-tpc\/","name":"Gaines TPC - Sogecleau","isPartOf":{"@id":"https:\/\/sogecleau.com\/fr\/#website"},"primaryImageOfPage":{"@id":"https:\/\/sogecleau.com\/fr\/gaines-tpc\/#primaryimage"},"image":{"@id":"https:\/\/sogecleau.com\/fr\/gaines-tpc\/#primaryimage"},"thumbnailUrl":"https:\/\/sogecleau.com\/wp-content\/uploads\/2023\/11\/kabelberscherminsbuis2.jpeg","datePublished":"2023-11-08T21:36:20+00:00","dateModified":"2023-11-17T14:39:35+00:00","breadcrumb":{"@id":"https:\/\/sogecleau.com\/fr\/gaines-tpc\/#breadcrumb"},"inLanguage":"fr-FR","potentialAction":[{"@type":"ReadAction","target":["https:\/\/sogecleau.com\/fr\/gaines-tpc\/"]}]},{"@type":"ImageObject","inLanguage":"fr-FR","@id":"https:\/\/sogecleau.com\/fr\/gaines-tpc\/#primaryimage","url":"https:\/\/sogecleau.com\/wp-content\/uploads\/2023\/11\/kabelberscherminsbuis2.jpeg","contentUrl":"https:\/\/sogecleau.com\/wp-content\/uploads\/2023\/11\/kabelberscherminsbuis2.jpeg"},{"@type":"BreadcrumbList","@id":"https:\/\/sogecleau.com\/fr\/gaines-tpc\/#breadcrumb","itemListElement":[{"@type":"ListItem","position":1,"name":"Home","item":"https:\/\/sogecleau.com\/fr\/"},{"@type":"ListItem","position":2,"name":"Gaines TPC"}]},{"@type":"WebSite","@id":"https:\/\/sogecleau.com\/fr\/#website","url":"https:\/\/sogecleau.com\/fr\/","name":"Sogecleau","description":"","publisher":{"@id":"https:\/\/sogecleau.com\/fr\/#organization"},"potentialAction":[{"@type":"SearchAction","target":{"@type":"EntryPoint","urlTemplate":"https:\/\/sogecleau.com\/fr\/?s={search_term_string}"},"query-input":{"@type":"PropertyValueSpecification","valueRequired":true,"valueName":"search_term_string"}}],"inLanguage":"fr-FR"},{"@type":"Organization","@id":"https:\/\/sogecleau.com\/fr\/#organization","name":"Sogecleau","url":"https:\/\/sogecleau.com\/fr\/","logo":{"@type":"ImageObject","inLanguage":"fr-FR","@id":"https:\/\/sogecleau.com\/fr\/#\/schema\/logo\/image\/","url":"https:\/\/sogecleau.com\/wp-content\/uploads\/2023\/09\/Logo-Sogecleau.png","contentUrl":"https:\/\/sogecleau.com\/wp-content\/uploads\/2023\/09\/Logo-Sogecleau.png","width":673,"height":191,"caption":"Sogecleau"},"image":{"@id":"https:\/\/sogecleau.com\/fr\/#\/schema\/logo\/image\/"}}]}},"_links":{"self":[{"href":"https:\/\/sogecleau.com\/fr\/wp-json\/wp\/v2\/pages\/413","targetHints":{"allow":["GET"]}}],"collection":[{"href":"https:\/\/sogecleau.com\/fr\/wp-json\/wp\/v2\/pages"}],"about":[{"href":"https:\/\/sogecleau.com\/fr\/wp-json\/wp\/v2\/types\/page"}],"author":[{"embeddable":true,"href":"https:\/\/sogecleau.com\/fr\/wp-json\/wp\/v2\/users\/1"}],"replies":[{"embeddable":true,"href":"https:\/\/sogecleau.com\/fr\/wp-json\/wp\/v2\/comments?post=413"}],"version-history":[{"count":4,"href":"https:\/\/sogecleau.com\/fr\/wp-json\/wp\/v2\/pages\/413\/revisions"}],"predecessor-version":[{"id":417,"href":"https:\/\/sogecleau.com\/fr\/wp-json\/wp\/v2\/pages\/413\/revisions\/417"}],"wp:attachment":[{"href":"https:\/\/sogecleau.com\/fr\/wp-json\/wp\/v2\/media?parent=413"}],"curies":[{"name":"wp","href":"https:\/\/api.w.org\/{rel}","templated":true}]}}