{"id":421,"date":"2023-11-08T22:41:37","date_gmt":"2023-11-08T21:41:37","guid":{"rendered":"https:\/\/sogecleau.eagl.be\/tubes-pvc\/"},"modified":"2023-12-06T13:40:26","modified_gmt":"2023-12-06T12:40:26","slug":"tubes-pvc","status":"publish","type":"page","link":"https:\/\/sogecleau.com\/fr\/tubes-pvc\/","title":{"rendered":"TUBES PVC"},"content":{"rendered":"\t\t<div data-elementor-type=\"wp-page\" data-elementor-id=\"421\" class=\"elementor elementor-421 elementor-320\" data-elementor-post-type=\"page\">\n\t\t\t\t\t\t<section class=\"elementor-section elementor-top-section elementor-element elementor-element-245d93bc elementor-section-boxed elementor-section-height-default elementor-section-height-default elementor-invisible\" data-id=\"245d93bc\" data-element_type=\"section\" data-e-type=\"section\" data-settings=\"{&quot;background_background&quot;:&quot;classic&quot;,&quot;animation&quot;:&quot;fadeIn&quot;}\">\n\t\t\t\t\t\t\t<div class=\"elementor-background-overlay\"><\/div>\n\t\t\t\t\t\t\t<div class=\"elementor-container elementor-column-gap-default\">\n\t\t\t\t\t<div class=\"elementor-column elementor-col-100 elementor-top-column elementor-element elementor-element-5092107b\" data-id=\"5092107b\" data-element_type=\"column\" data-e-type=\"column\">\n\t\t\t<div class=\"elementor-widget-wrap elementor-element-populated\">\n\t\t\t\t\t\t<div class=\"elementor-element elementor-element-253beb0c de_scroll_animation_no elementor-widget elementor-widget-heading\" data-id=\"253beb0c\" data-element_type=\"widget\" data-e-type=\"widget\" data-widget_type=\"heading.default\">\n\t\t\t\t<div class=\"elementor-widget-container\">\n\t\t\t\t\t<h1 class=\"elementor-heading-title elementor-size-default\">TUBES PVC<\/h1>\t\t\t\t<\/div>\n\t\t\t\t<\/div>\n\t\t\t\t<div class=\"elementor-element elementor-element-07c6106 elementor-icon-list--layout-inline elementor-align-start elementor-list-item-link-full_width de_scroll_animation_no elementor-widget elementor-widget-icon-list\" data-id=\"07c6106\" data-element_type=\"widget\" data-e-type=\"widget\" data-widget_type=\"icon-list.default\">\n\t\t\t\t<div class=\"elementor-widget-container\">\n\t\t\t\t\t\t\t<ul class=\"elementor-icon-list-items elementor-inline-items\">\n\t\t\t\t\t\t\t<li class=\"elementor-icon-list-item elementor-inline-item\">\n\t\t\t\t\t\t\t\t\t\t\t<a href=\"\/\">\n\n\t\t\t\t\t\t\t\t\t\t\t<span class=\"elementor-icon-list-text\">Home<\/span>\n\t\t\t\t\t\t\t\t\t\t\t<\/a>\n\t\t\t\t\t\t\t\t\t<\/li>\n\t\t\t\t\t\t\t\t<li class=\"elementor-icon-list-item elementor-inline-item\">\n\t\t\t\t\t\t\t\t\t\t\t<span class=\"elementor-icon-list-icon\">\n\t\t\t\t\t\t\t<i aria-hidden=\"true\" class=\"icon icon-right-arrow1\"><\/i>\t\t\t\t\t\t<\/span>\n\t\t\t\t\t\t\t\t\t\t<span class=\"elementor-icon-list-text\">TUBES PVC<\/span>\n\t\t\t\t\t\t\t\t\t<\/li>\n\t\t\t\t\t\t<\/ul>\n\t\t\t\t\t\t<\/div>\n\t\t\t\t<\/div>\n\t\t\t\t\t<\/div>\n\t\t<\/div>\n\t\t\t\t\t<\/div>\n\t\t<\/section>\n\t\t\t\t<section class=\"elementor-section elementor-top-section elementor-element elementor-element-2ae323b4 elementor-reverse-mobile elementor-section-boxed elementor-section-height-default elementor-section-height-default\" data-id=\"2ae323b4\" data-element_type=\"section\" data-e-type=\"section\">\n\t\t\t\t\t\t<div class=\"elementor-container elementor-column-gap-default\">\n\t\t\t\t\t<div class=\"elementor-column elementor-col-50 elementor-top-column elementor-element elementor-element-6c52ca0b\" data-id=\"6c52ca0b\" data-element_type=\"column\" data-e-type=\"column\">\n\t\t\t<div class=\"elementor-widget-wrap elementor-element-populated\">\n\t\t\t\t\t\t<div class=\"elementor-element elementor-element-c0941f de_scroll_animation_no elementor-widget elementor-widget-text-editor\" data-id=\"c0941f\" data-element_type=\"widget\" data-e-type=\"widget\" data-widget_type=\"text-editor.default\">\n\t\t\t\t<div class=\"elementor-widget-container\">\n\t\t\t\t\t\t\t\t\t<p>Nous sommes distributeur des tubes en PVC et cela en plusieurs longueurs (3m ou 5m), plusieurs diam\u00e8tres (110 m \u00e0 600 mm) et plusieurs classes de rigidit\u00e9 (CR2, CR4, CR8). Nos tubes ont la norme NF ou la norme BENOR. Nous vendons \u00e9galement les accessoires.  <\/p>\n\t\t\t\t\t\t\t\t<\/div>\n\t\t\t\t<\/div>\n\t\t\t\t\t<\/div>\n\t\t<\/div>\n\t\t\t\t<div class=\"elementor-column elementor-col-50 elementor-top-column elementor-element elementor-element-21f2ee31\" data-id=\"21f2ee31\" data-element_type=\"column\" data-e-type=\"column\">\n\t\t\t<div class=\"elementor-widget-wrap elementor-element-populated\">\n\t\t\t\t\t\t<div class=\"elementor-element elementor-element-338637a elementor--h-position-center elementor--v-position-middle de_scroll_animation_no elementor-widget elementor-widget-slides\" data-id=\"338637a\" data-element_type=\"widget\" data-e-type=\"widget\" data-settings=\"{&quot;navigation&quot;:&quot;none&quot;,&quot;autoplay_speed&quot;:3000,&quot;transition&quot;:&quot;fade&quot;,&quot;transition_speed&quot;:1000,&quot;autoplay&quot;:&quot;yes&quot;,&quot;pause_on_interaction&quot;:&quot;yes&quot;,&quot;infinite&quot;:&quot;yes&quot;}\" data-widget_type=\"slides.default\">\n\t\t\t\t<div class=\"elementor-widget-container\">\n\t\t\t\t\t\t\t\t\t<div class=\"elementor-swiper\">\n\t\t\t\t\t<div class=\"elementor-slides-wrapper elementor-main-swiper swiper\" role=\"region\" aria-roledescription=\"carousel\" aria-label=\"Diapositives\" dir=\"ltr\" data-animation=\"\">\n\t\t\t\t<div class=\"swiper-wrapper elementor-slides\">\n\t\t\t\t\t\t\t\t\t\t<div class=\"elementor-repeater-item-7e84ae6 swiper-slide\" role=\"group\" aria-roledescription=\"slide\"><div class=\"swiper-slide-bg\" role=\"img\" aria-label=\"PVC-buis-160-SN8-vrij.jpeg\"><\/div><div class=\"swiper-slide-inner\" ><div class=\"swiper-slide-contents\"><\/div><\/div><\/div><div class=\"elementor-repeater-item-615c173 swiper-slide\" role=\"group\" aria-roledescription=\"slide\"><div class=\"swiper-slide-bg\" role=\"img\" aria-label=\"hulpstukken.png\"><\/div><div class=\"swiper-slide-inner\" ><div class=\"swiper-slide-contents\"><\/div><\/div><\/div>\t\t\t\t<\/div>\n\t\t\t\t\t\t\t\t\t\t\t\t\t\t\t\t\t\t\t\t\t<\/div>\n\t\t\t\t<\/div>\n\t\t\t\t\t\t\t\t<\/div>\n\t\t\t\t<\/div>\n\t\t\t\t\t<\/div>\n\t\t<\/div>\n\t\t\t\t\t<\/div>\n\t\t<\/section>\n\t\t\t\t<section class=\"elementor-section elementor-top-section elementor-element elementor-element-d1ced7f elementor-section-full_width elementor-section-height-default elementor-section-height-default\" data-id=\"d1ced7f\" data-element_type=\"section\" data-e-type=\"section\">\n\t\t\t\t\t\t<div class=\"elementor-container elementor-column-gap-default\">\n\t\t\t\t\t<div class=\"elementor-column elementor-col-100 elementor-top-column elementor-element elementor-element-7b61ea5\" data-id=\"7b61ea5\" data-element_type=\"column\" data-e-type=\"column\">\n\t\t\t<div class=\"elementor-widget-wrap elementor-element-populated\">\n\t\t\t\t\t\t<div class=\"elementor-element elementor-element-4484c44 de_scroll_animation_no elementor-widget elementor-widget-template\" data-id=\"4484c44\" data-element_type=\"widget\" data-e-type=\"widget\" data-widget_type=\"template.default\">\n\t\t\t\t<div class=\"elementor-widget-container\">\n\t\t\t\t\t\t\t<div class=\"elementor-template\">\n\t\t\t\t\t<div data-elementor-type=\"section\" data-elementor-id=\"617\" class=\"elementor elementor-617 elementor-284\" data-elementor-post-type=\"elementor_library\">\n\t\t\t\t\t<section class=\"elementor-section elementor-top-section elementor-element elementor-element-4598e91a elementor-reverse-mobile elementor-section-content-bottom elementor-section-boxed elementor-section-height-default elementor-section-height-default elementor-invisible\" data-id=\"4598e91a\" data-element_type=\"section\" data-e-type=\"section\" data-settings=\"{&quot;background_background&quot;:&quot;classic&quot;,&quot;animation&quot;:&quot;fadeIn&quot;}\">\n\t\t\t\t\t\t\t<div class=\"elementor-background-overlay\"><\/div>\n\t\t\t\t\t\t\t<div class=\"elementor-container elementor-column-gap-default\">\n\t\t\t\t\t<div class=\"elementor-column elementor-col-100 elementor-top-column elementor-element elementor-element-57ca22e8\" data-id=\"57ca22e8\" data-element_type=\"column\" data-e-type=\"column\" data-settings=\"{&quot;background_background&quot;:&quot;classic&quot;}\">\n\t\t\t<div class=\"elementor-widget-wrap elementor-element-populated\">\n\t\t\t\t\t\t<div class=\"elementor-element elementor-element-15f2d9a1 elementor-widget-tablet__width-inherit de_scroll_animation_no elementor-widget elementor-widget-heading\" data-id=\"15f2d9a1\" data-element_type=\"widget\" data-e-type=\"widget\" data-widget_type=\"heading.default\">\n\t\t\t\t<div class=\"elementor-widget-container\">\n\t\t\t\t\t<h2 class=\"elementor-heading-title elementor-size-default\">N'h\u00e9sitez pas \u00e0 nous contacter !<\/h2>\t\t\t\t<\/div>\n\t\t\t\t<\/div>\n\t\t\t\t<div class=\"elementor-element elementor-element-6eab0697 de_scroll_animation_no elementor-widget elementor-widget-text-editor\" data-id=\"6eab0697\" data-element_type=\"widget\" data-e-type=\"widget\" data-widget_type=\"text-editor.default\">\n\t\t\t\t<div class=\"elementor-widget-container\">\n\t\t\t\t\t\t\t\t\t<p>Vous avez des questions ou une mission sp\u00e9cifique en t\u00eate ? Nous sommes pr\u00eats \u00e0 vous aider !<br \/>Contactez-nous en utilisant le formulaire sur cette page ou appelez-nous.<\/p>\n<p>Nous nous effor\u00e7ons de vous r\u00e9pondre dans les plus brefs d\u00e9lais et nous nous r\u00e9jouissons de travailler avec vous.<\/p>\n\t\t\t\t\t\t\t\t<\/div>\n\t\t\t\t<\/div>\n\t\t\t\t<div class=\"elementor-element elementor-element-33989588 elementor-widget-mobile__width-inherit de_scroll_animation_no elementor-widget elementor-widget-button\" data-id=\"33989588\" data-element_type=\"widget\" data-e-type=\"widget\" data-widget_type=\"button.default\">\n\t\t\t\t<div class=\"elementor-widget-container\">\n\t\t\t\t\t\t\t\t\t<div class=\"elementor-button-wrapper\">\n\t\t\t\t\t<a class=\"elementor-button elementor-button-link elementor-size-sm\" href=\"\/fr#contact\">\n\t\t\t\t\t\t<span class=\"elementor-button-content-wrapper\">\n\t\t\t\t\t\t<span class=\"elementor-button-icon\">\n\t\t\t\t<i aria-hidden=\"true\" class=\"icon icon-right-arrow\"><\/i>\t\t\t<\/span>\n\t\t\t\t\t\t\t\t\t<span class=\"elementor-button-text\">Plus d'info<\/span>\n\t\t\t\t\t<\/span>\n\t\t\t\t\t<\/a>\n\t\t\t\t<\/div>\n\t\t\t\t\t\t\t\t<\/div>\n\t\t\t\t<\/div>\n\t\t\t\t\t<\/div>\n\t\t<\/div>\n\t\t\t\t\t<\/div>\n\t\t<\/section>\n\t\t\t\t<\/div>\n\t\t\t\t<\/div>\n\t\t\t\t\t\t<\/div>\n\t\t\t\t<\/div>\n\t\t\t\t\t<\/div>\n\t\t<\/div>\n\t\t\t\t\t<\/div>\n\t\t<\/section>\n\t\t\t\t<\/div>\n\t\t","protected":false},"excerpt":{"rendered":"<p>Home Nous sommes distributeur des tubes en PVC et cela en plusieurs longueurs (3m ou 5m), plusieurs diam\u00e8tres (110 m \u00e0 600 mm) et plusieurs classes de rigidit\u00e9 (CR2, CR4, CR8). Nos tubes ont la norme NF ou la norme BENOR. Nous vendons \u00e9galement les accessoires.<\/p>\n","protected":false},"author":1,"featured_media":0,"parent":0,"menu_order":0,"comment_status":"closed","ping_status":"closed","template":"","meta":{"footnotes":""},"class_list":["post-421","page","type-page","status-publish","hentry"],"yoast_head":"<!-- This site is optimized with the Yoast SEO plugin v27.5 - https:\/\/yoast.com\/product\/yoast-seo-wordpress\/ -->\n<title>TUBES PVC - Sogecleau<\/title>\n<meta name=\"robots\" content=\"index, follow, max-snippet:-1, max-image-preview:large, max-video-preview:-1\" \/>\n<link rel=\"canonical\" href=\"https:\/\/sogecleau.com\/fr\/tubes-pvc\/\" \/>\n<meta property=\"og:locale\" content=\"fr_FR\" \/>\n<meta property=\"og:type\" content=\"article\" \/>\n<meta property=\"og:title\" content=\"TUBES PVC - Sogecleau\" \/>\n<meta property=\"og:description\" content=\"Home Nous sommes distributeur des tubes en PVC et cela en plusieurs longueurs (3m ou 5m), plusieurs diam\u00e8tres (110 m \u00e0 600 mm) et plusieurs classes de rigidit\u00e9 (CR2, CR4, CR8). Nos tubes ont la norme NF ou la norme BENOR. Nous vendons \u00e9galement les accessoires.\" \/>\n<meta property=\"og:url\" content=\"https:\/\/sogecleau.com\/fr\/tubes-pvc\/\" \/>\n<meta property=\"og:site_name\" content=\"Sogecleau\" \/>\n<meta property=\"article:modified_time\" content=\"2023-12-06T12:40:26+00:00\" \/>\n<meta name=\"twitter:card\" content=\"summary_large_image\" \/>\n<script type=\"application\/ld+json\" class=\"yoast-schema-graph\">{\"@context\":\"https:\\\/\\\/schema.org\",\"@graph\":[{\"@type\":\"WebPage\",\"@id\":\"https:\\\/\\\/sogecleau.com\\\/fr\\\/tubes-pvc\\\/\",\"url\":\"https:\\\/\\\/sogecleau.com\\\/fr\\\/tubes-pvc\\\/\",\"name\":\"TUBES PVC - Sogecleau\",\"isPartOf\":{\"@id\":\"https:\\\/\\\/sogecleau.com\\\/fr\\\/#website\"},\"datePublished\":\"2023-11-08T21:41:37+00:00\",\"dateModified\":\"2023-12-06T12:40:26+00:00\",\"breadcrumb\":{\"@id\":\"https:\\\/\\\/sogecleau.com\\\/fr\\\/tubes-pvc\\\/#breadcrumb\"},\"inLanguage\":\"fr-FR\",\"potentialAction\":[{\"@type\":\"ReadAction\",\"target\":[\"https:\\\/\\\/sogecleau.com\\\/fr\\\/tubes-pvc\\\/\"]}]},{\"@type\":\"BreadcrumbList\",\"@id\":\"https:\\\/\\\/sogecleau.com\\\/fr\\\/tubes-pvc\\\/#breadcrumb\",\"itemListElement\":[{\"@type\":\"ListItem\",\"position\":1,\"name\":\"Home\",\"item\":\"https:\\\/\\\/sogecleau.com\\\/fr\\\/\"},{\"@type\":\"ListItem\",\"position\":2,\"name\":\"TUBES PVC\"}]},{\"@type\":\"WebSite\",\"@id\":\"https:\\\/\\\/sogecleau.com\\\/fr\\\/#website\",\"url\":\"https:\\\/\\\/sogecleau.com\\\/fr\\\/\",\"name\":\"Sogecleau\",\"description\":\"\",\"publisher\":{\"@id\":\"https:\\\/\\\/sogecleau.com\\\/fr\\\/#organization\"},\"potentialAction\":[{\"@type\":\"SearchAction\",\"target\":{\"@type\":\"EntryPoint\",\"urlTemplate\":\"https:\\\/\\\/sogecleau.com\\\/fr\\\/?s={search_term_string}\"},\"query-input\":{\"@type\":\"PropertyValueSpecification\",\"valueRequired\":true,\"valueName\":\"search_term_string\"}}],\"inLanguage\":\"fr-FR\"},{\"@type\":\"Organization\",\"@id\":\"https:\\\/\\\/sogecleau.com\\\/fr\\\/#organization\",\"name\":\"Sogecleau\",\"url\":\"https:\\\/\\\/sogecleau.com\\\/fr\\\/\",\"logo\":{\"@type\":\"ImageObject\",\"inLanguage\":\"fr-FR\",\"@id\":\"https:\\\/\\\/sogecleau.com\\\/fr\\\/#\\\/schema\\\/logo\\\/image\\\/\",\"url\":\"https:\\\/\\\/sogecleau.com\\\/wp-content\\\/uploads\\\/2023\\\/09\\\/Logo-Sogecleau.png\",\"contentUrl\":\"https:\\\/\\\/sogecleau.com\\\/wp-content\\\/uploads\\\/2023\\\/09\\\/Logo-Sogecleau.png\",\"width\":673,\"height\":191,\"caption\":\"Sogecleau\"},\"image\":{\"@id\":\"https:\\\/\\\/sogecleau.com\\\/fr\\\/#\\\/schema\\\/logo\\\/image\\\/\"}}]}<\/script>\n<!-- \/ Yoast SEO plugin. -->","yoast_head_json":{"title":"TUBES PVC - Sogecleau","robots":{"index":"index","follow":"follow","max-snippet":"max-snippet:-1","max-image-preview":"max-image-preview:large","max-video-preview":"max-video-preview:-1"},"canonical":"https:\/\/sogecleau.com\/fr\/tubes-pvc\/","og_locale":"fr_FR","og_type":"article","og_title":"TUBES PVC - Sogecleau","og_description":"Home Nous sommes distributeur des tubes en PVC et cela en plusieurs longueurs (3m ou 5m), plusieurs diam\u00e8tres (110 m \u00e0 600 mm) et plusieurs classes de rigidit\u00e9 (CR2, CR4, CR8). Nos tubes ont la norme NF ou la norme BENOR. Nous vendons \u00e9galement les accessoires.","og_url":"https:\/\/sogecleau.com\/fr\/tubes-pvc\/","og_site_name":"Sogecleau","article_modified_time":"2023-12-06T12:40:26+00:00","twitter_card":"summary_large_image","schema":{"@context":"https:\/\/schema.org","@graph":[{"@type":"WebPage","@id":"https:\/\/sogecleau.com\/fr\/tubes-pvc\/","url":"https:\/\/sogecleau.com\/fr\/tubes-pvc\/","name":"TUBES PVC - Sogecleau","isPartOf":{"@id":"https:\/\/sogecleau.com\/fr\/#website"},"datePublished":"2023-11-08T21:41:37+00:00","dateModified":"2023-12-06T12:40:26+00:00","breadcrumb":{"@id":"https:\/\/sogecleau.com\/fr\/tubes-pvc\/#breadcrumb"},"inLanguage":"fr-FR","potentialAction":[{"@type":"ReadAction","target":["https:\/\/sogecleau.com\/fr\/tubes-pvc\/"]}]},{"@type":"BreadcrumbList","@id":"https:\/\/sogecleau.com\/fr\/tubes-pvc\/#breadcrumb","itemListElement":[{"@type":"ListItem","position":1,"name":"Home","item":"https:\/\/sogecleau.com\/fr\/"},{"@type":"ListItem","position":2,"name":"TUBES PVC"}]},{"@type":"WebSite","@id":"https:\/\/sogecleau.com\/fr\/#website","url":"https:\/\/sogecleau.com\/fr\/","name":"Sogecleau","description":"","publisher":{"@id":"https:\/\/sogecleau.com\/fr\/#organization"},"potentialAction":[{"@type":"SearchAction","target":{"@type":"EntryPoint","urlTemplate":"https:\/\/sogecleau.com\/fr\/?s={search_term_string}"},"query-input":{"@type":"PropertyValueSpecification","valueRequired":true,"valueName":"search_term_string"}}],"inLanguage":"fr-FR"},{"@type":"Organization","@id":"https:\/\/sogecleau.com\/fr\/#organization","name":"Sogecleau","url":"https:\/\/sogecleau.com\/fr\/","logo":{"@type":"ImageObject","inLanguage":"fr-FR","@id":"https:\/\/sogecleau.com\/fr\/#\/schema\/logo\/image\/","url":"https:\/\/sogecleau.com\/wp-content\/uploads\/2023\/09\/Logo-Sogecleau.png","contentUrl":"https:\/\/sogecleau.com\/wp-content\/uploads\/2023\/09\/Logo-Sogecleau.png","width":673,"height":191,"caption":"Sogecleau"},"image":{"@id":"https:\/\/sogecleau.com\/fr\/#\/schema\/logo\/image\/"}}]}},"_links":{"self":[{"href":"https:\/\/sogecleau.com\/fr\/wp-json\/wp\/v2\/pages\/421","targetHints":{"allow":["GET"]}}],"collection":[{"href":"https:\/\/sogecleau.com\/fr\/wp-json\/wp\/v2\/pages"}],"about":[{"href":"https:\/\/sogecleau.com\/fr\/wp-json\/wp\/v2\/types\/page"}],"author":[{"embeddable":true,"href":"https:\/\/sogecleau.com\/fr\/wp-json\/wp\/v2\/users\/1"}],"replies":[{"embeddable":true,"href":"https:\/\/sogecleau.com\/fr\/wp-json\/wp\/v2\/comments?post=421"}],"version-history":[{"count":7,"href":"https:\/\/sogecleau.com\/fr\/wp-json\/wp\/v2\/pages\/421\/revisions"}],"predecessor-version":[{"id":546,"href":"https:\/\/sogecleau.com\/fr\/wp-json\/wp\/v2\/pages\/421\/revisions\/546"}],"wp:attachment":[{"href":"https:\/\/sogecleau.com\/fr\/wp-json\/wp\/v2\/media?parent=421"}],"curies":[{"name":"wp","href":"https:\/\/api.w.org\/{rel}","templated":true}]}}